{"id":1367,"date":"2020-11-19T08:04:44","date_gmt":"2020-11-19T08:04:44","guid":{"rendered":"https:\/\/onpoint.nexr-technologies.com\/?page_id=1367"},"modified":"2023-10-26T16:28:50","modified_gmt":"2023-10-26T15:28:50","slug":"impressum","status":"publish","type":"page","link":"https:\/\/admiring-agnesi.5-75-246-104.plesk.page\/de\/impressum\/","title":{"rendered":"Impressum"},"content":{"rendered":"<div class=\"fusion-fullwidth fullwidth-box fusion-builder-row-1 fusion-flex-container nonhundred-percent-fullwidth non-hundred-percent-height-scrolling\" style=\"background-color: rgba(255,255,255,0);background-position: center center;background-repeat: no-repeat;border-width: 0px 0px 0px 0px;border-color:rgba(234,233,233,0);border-style:solid;\" ><div class=\"fusion-builder-row fusion-row fusion-flex-align-items-flex-start\" style=\"max-width:104%;margin-left: calc(-4% \/ 2 );margin-right: calc(-4% \/ 2 );\"><div class=\"fusion-layout-column fusion_builder_column fusion-builder-column-0 fusion_builder_column_1_1 1_1 fusion-flex-column\"><div class=\"fusion-column-wrapper fusion-flex-justify-content-flex-start fusion-content-layout-column\" style=\"background-position:left top;background-repeat:no-repeat;-webkit-background-size:cover;-moz-background-size:cover;-o-background-size:cover;background-size:cover;padding: 0px 0px 0px 0px;\"><div class=\"fusion-text fusion-text-1\"><p><strong>Betreiber<\/strong><\/p>\n<p>Inventive Studios GmbH<br \/>\nBahnhofstra\u00dfe 9<br \/>\n55116 Mainz<br \/>\nTel.: <span class=\"ui-provider a b c d e f g h i j k l m n o p q r s t u v w x y z ab ac ae af ag ah ai aj ak\" dir=\"ltr\">+49 6131 2490825<\/span><\/p>\n<p><a href=\"mailto:info@inventivestudios.de\">info@inventivestudios.de<\/a><br \/>\n<a href=\"http:\/\/www.inventivestudios.de\">www.inventivestudios.de<\/a><\/p>\n<p><strong>\u00a0<\/strong><\/p>\n<p><strong>Managing director<\/strong><br \/>\nGersi Gega &amp; Christoph K\u00f6hler<\/p>\n<p><strong>\u00a0<\/strong><\/p>\n<p><strong>Handelsregister<\/strong><br \/>\nAmtsgericht Mainz HRB 51126<\/p>\n<p><strong>\u00a0<\/strong><\/p>\n<p><strong>Umsatzsteuer-ID \/ VAT-ID<\/strong><br \/>\nUSt-IdNr.: DE351282512<\/p>\n<p><strong>\u00a0<\/strong><\/p>\n<p><strong>Verantwortlicher f\u00fcr den Inhalt der Webseite<\/strong><br \/>\nGersi Gega &amp; Christoph K\u00f6hler<\/p>\n<p><strong>\u00a0<\/strong><\/p>\n<p><strong>Datenschutzbeauftragter gem. \u00a738 BDSG sowie Artikel 37 DS-GVO<\/strong><br \/>\nExterner Datenschutzbeauftragter DSBOK.DE<br \/>\nOliver Krause, Untergasse 2, 65474 Bischofsheim<br \/>\n<a href=\"mailto:teltec@dsbok.de\">teltec@dsbok.de<\/a>, Telefon: 06144402197<\/p>\n<p><strong>\u00a0<\/strong><\/p>\n<p><strong>Vorabinformationen<\/strong><\/p>\n<p>Keine Abmahnung ohne vorherige Kontaktaufnahme! Sollten Inhalte (z.B. Bilder,Texte, Aufmachungen und Sonstiges) dieses Internetauftritts Rechte Dritter oder gesetzliche Bestimmungen verletzen, bitten wir um eine entsprechende Nachricht ohne Kostennote. Wir garantieren, alle Inhalte unverz\u00fcglich zu entfernen, insofern sie zu Recht beanstandet werden, ohne dass die Einschaltung eines Rechtsbeistandes notwendig ist. Sollten Sie dennoch Kosten ausl\u00f6sen, ohne uns vorher informiert zu haben, werden wir diese vollumf\u00e4nglich zur\u00fcckweisen und ggf. Gegenklage wegen Verletzung dieser Bestimmungen einreichen. Alle Angaben und \u00c4nderungen sind vorbehalten.<\/p>\n<p><strong>\u00a0<\/strong><\/p>\n<p><strong>Haftung f\u00fcr Inhalte dieser Website<\/strong><\/p>\n<p>Als Diensteanbieter sind wir gem\u00e4\u00df \u00a7 7 Abs.1 TMG f\u00fcr eigene Inhalte auf diesen Seiten nach den allgemeinen Gesetzen verantwortlich. Nach \u00a7\u00a7 8 bis 10 TMG sind wir als Diensteanbieter jedoch nicht verpflichtet, \u00fcbermittelte oder gespeicherte fremde Informationen zu \u00fcberwachen oder nach Umst\u00e4nden zu forschen, die auf eine rechtswidrige T\u00e4tigkeit hinweisen.<\/p>\n<p>Verpflichtungen zur Entfernung oder Sperrung der Nutzung von Informationen nach den allgemeinen Gesetzen bleiben hiervon unber\u00fchrt. Eine diesbez\u00fcgliche Haftung ist jedoch erst ab dem Zeitpunkt der Kenntnis einer konkreten Rechtsverletzung m\u00f6glich. Bei Bekanntwerden von entsprechenden Rechtsverletzungen werden wir diese Inhalte umgehend entfernen.<\/p>\n<p><strong>\u00a0<\/strong><\/p>\n<p><strong>Haftung f\u00fcr Links<\/strong><\/p>\n<p>Unser Angebot enth\u00e4lt Links zu externen Websites Dritter, auf deren Inhalte wir keinen Einfluss haben. Deshalb k\u00f6nnen wir f\u00fcr diese fremden Inhalte auch keine Gew\u00e4hr \u00fcbernehmen. F\u00fcr die Inhalte der verlinkten Seiten ist stets der jeweilige Anbieter oder Betreiber der Seiten verantwortlich. Die verlinkten Seiten wurden zum Zeitpunkt der Verlinkung auf m\u00f6gliche Rechtsverst\u00f6\u00dfe \u00fcberpr\u00fcft. Rechtswidrige Inhalte waren zum Zeitpunkt der Verlinkung nicht erkennbar.<\/p>\n<p>Eine permanente inhaltliche Kontrolle der verlinkten Seiten ist jedoch ohne konkrete Anhaltspunkte einer Rechtsverletzung nicht zumutbar. Bei Bekanntwerden von Rechtsverletzungen werden wir derartige Links umgehend entfernen.<\/p>\n<p><strong>Urheberrecht<\/strong><\/p>\n<p>Die durch die Seitenbetreiber erstellten Inhalte und Werke auf diesen Seiten unterliegen dem deutschen Urheberrecht. Die Vervielf\u00e4ltigung, Bearbeitung, Verbreitung und jede Art der Verwertung au\u00dferhalb der Grenzen des Urheberrechtes bed\u00fcrfen der schriftlichen Zustimmung des jeweiligen Autors bzw. Erstellers. Downloads und Kopien dieser Seite sind nur f\u00fcr den privaten, nicht kommerziellen Gebrauch gestattet.<\/p>\n<p>Soweit die Inhalte auf dieser Seite nicht vom Betreiber erstellt wurden, werden die Urheberrechte Dritter beachtet. Insbesondere werden Inhalte Dritter als solche gekennzeichnet. Sollten Sie trotzdem auf eine Urheberrechtsverletzung aufmerksam werden, bitten wir um einen entsprechenden Hinweis. Bei Bekanntwerden von Rechtsverletzungen werden wir derartige Inhalte umgehend entfernen.<\/p>\n<p><strong>\u00a0<\/strong><\/p>\n<p><strong>Verf\u00fcgbarkeit der Website<\/strong><\/p>\n<p>Wir bem\u00fchen uns, den Dienst m\u00f6glichst unterbrechungsfrei zum Abruf anzubieten. Auch bei aller Sorgfalt k\u00f6nnen aber Ausfallzeiten nicht ausgeschlossen werden. Wir behalten uns das Recht vor, unser Angebot jederzeit zu \u00e4ndern oder einzustellen. F\u00fcr durch nicht fehlerfrei angelegte Dateien oder nicht fehlerfrei strukturierte Formate bedingte Unterbrechungen oder anderweitige St\u00f6rungen k\u00f6nnen wir keine Gew\u00e4hr \u00fcbernehmen.<\/p>\n<\/div><\/div><style type=\"text\/css\">.fusion-body .fusion-builder-column-0{width:100% !important;margin-top : 0px;margin-bottom : 20px;}.fusion-builder-column-0 > .fusion-column-wrapper {padding-top : 0px !important;padding-right : 0px !important;margin-right : 1.92%;padding-bottom : 0px !important;padding-left : 0px !important;margin-left : 1.92%;}@media only screen and (max-width:1024px) {.fusion-body .fusion-builder-column-0{width:100% !important;}.fusion-builder-column-0 > .fusion-column-wrapper {margin-right : 1.92%;margin-left : 1.92%;}}@media only screen and (max-width:767px) {.fusion-body .fusion-builder-column-0{width:100% !important;}.fusion-builder-column-0 > .fusion-column-wrapper {margin-right : 1.92%;margin-left : 1.92%;}}<\/style><\/div><\/div><style type=\"text\/css\">.fusion-body .fusion-flex-container.fusion-builder-row-1{ padding-top : 5%;margin-top : 0px;padding-right : 11%;padding-bottom : 11%;margin-bottom : 0px;padding-left : 11%;}<\/style><\/div>\n","protected":false},"excerpt":{"rendered":"","protected":false},"author":2,"featured_media":0,"parent":0,"menu_order":0,"comment_status":"closed","ping_status":"closed","template":"","meta":[],"yoast_head":"<!-- This site is optimized with the Yoast SEO plugin v18.1 - https:\/\/yoast.com\/wordpress\/plugins\/seo\/ -->\n<title>Impressum - OnPoint Studios<\/title>\n<meta name=\"description\" content=\"Unser Impressum mit allen wichtigen und relevanten Informationen sowie Kontakdaten der Verantwortlichen in unserem Unternehmen.\" \/>\n<meta name=\"robots\" content=\"noindex, follow, max-snippet:-1, max-image-preview:large, max-video-preview:-1\" \/>\n<meta property=\"og:locale\" content=\"de_DE\" \/>\n<meta property=\"og:type\" content=\"article\" \/>\n<meta property=\"og:title\" content=\"Impressum - OnPoint Studios\" \/>\n<meta property=\"og:description\" content=\"Unser Impressum mit allen wichtigen und relevanten Informationen sowie Kontakdaten der Verantwortlichen in unserem Unternehmen.\" \/>\n<meta property=\"og:url\" content=\"https:\/\/admiring-agnesi.5-75-246-104.plesk.page\/de\/impressum\/\" \/>\n<meta property=\"og:site_name\" content=\"OnPoint Studios\" \/>\n<meta property=\"article:modified_time\" content=\"2023-10-26T15:28:50+00:00\" \/>\n<meta name=\"twitter:card\" content=\"summary_large_image\" \/>\n<meta name=\"twitter:label1\" content=\"Gesch\u00e4tzte Lesezeit\" \/>\n\t<meta name=\"twitter:data1\" content=\"5\u00a0Minuten\" \/>\n<script type=\"application\/ld+json\" class=\"yoast-schema-graph\">{\"@context\":\"https:\/\/schema.org\",\"@graph\":[{\"@type\":\"WebSite\",\"@id\":\"https:\/\/admiring-agnesi.5-75-246-104.plesk.page\/de\/#website\",\"url\":\"https:\/\/admiring-agnesi.5-75-246-104.plesk.page\/de\/\",\"name\":\"OnPoint Studios\",\"description\":\"Virtual Production and MoCap\",\"potentialAction\":[{\"@type\":\"SearchAction\",\"target\":{\"@type\":\"EntryPoint\",\"urlTemplate\":\"https:\/\/admiring-agnesi.5-75-246-104.plesk.page\/de\/?s={search_term_string}\"},\"query-input\":\"required name=search_term_string\"}],\"inLanguage\":\"de\"},{\"@type\":\"WebPage\",\"@id\":\"https:\/\/admiring-agnesi.5-75-246-104.plesk.page\/de\/impressum\/#webpage\",\"url\":\"https:\/\/admiring-agnesi.5-75-246-104.plesk.page\/de\/impressum\/\",\"name\":\"Impressum - OnPoint Studios\",\"isPartOf\":{\"@id\":\"https:\/\/admiring-agnesi.5-75-246-104.plesk.page\/de\/#website\"},\"datePublished\":\"2020-11-19T08:04:44+00:00\",\"dateModified\":\"2023-10-26T15:28:50+00:00\",\"description\":\"Unser Impressum mit allen wichtigen und relevanten Informationen sowie Kontakdaten der Verantwortlichen in unserem Unternehmen.\",\"breadcrumb\":{\"@id\":\"https:\/\/admiring-agnesi.5-75-246-104.plesk.page\/de\/impressum\/#breadcrumb\"},\"inLanguage\":\"de\",\"potentialAction\":[{\"@type\":\"ReadAction\",\"target\":[\"https:\/\/admiring-agnesi.5-75-246-104.plesk.page\/de\/impressum\/\"]}]},{\"@type\":\"BreadcrumbList\",\"@id\":\"https:\/\/admiring-agnesi.5-75-246-104.plesk.page\/de\/impressum\/#breadcrumb\",\"itemListElement\":[{\"@type\":\"ListItem\",\"position\":1,\"name\":\"Home\",\"item\":\"https:\/\/admiring-agnesi.5-75-246-104.plesk.page\/de\/\"},{\"@type\":\"ListItem\",\"position\":2,\"name\":\"Impressum\"}]}]}<\/script>\n<!-- \/ Yoast SEO plugin. -->","yoast_head_json":{"title":"Impressum - OnPoint Studios","description":"Unser Impressum mit allen wichtigen und relevanten Informationen sowie Kontakdaten der Verantwortlichen in unserem Unternehmen.","robots":{"index":"noindex","follow":"follow","max-snippet":"max-snippet:-1","max-image-preview":"max-image-preview:large","max-video-preview":"max-video-preview:-1"},"og_locale":"de_DE","og_type":"article","og_title":"Impressum - OnPoint Studios","og_description":"Unser Impressum mit allen wichtigen und relevanten Informationen sowie Kontakdaten der Verantwortlichen in unserem Unternehmen.","og_url":"https:\/\/admiring-agnesi.5-75-246-104.plesk.page\/de\/impressum\/","og_site_name":"OnPoint Studios","article_modified_time":"2023-10-26T15:28:50+00:00","twitter_card":"summary_large_image","twitter_misc":{"Gesch\u00e4tzte Lesezeit":"5\u00a0Minuten"},"schema":{"@context":"https:\/\/schema.org","@graph":[{"@type":"WebSite","@id":"https:\/\/admiring-agnesi.5-75-246-104.plesk.page\/de\/#website","url":"https:\/\/admiring-agnesi.5-75-246-104.plesk.page\/de\/","name":"OnPoint Studios","description":"Virtual Production and MoCap","potentialAction":[{"@type":"SearchAction","target":{"@type":"EntryPoint","urlTemplate":"https:\/\/admiring-agnesi.5-75-246-104.plesk.page\/de\/?s={search_term_string}"},"query-input":"required name=search_term_string"}],"inLanguage":"de"},{"@type":"WebPage","@id":"https:\/\/admiring-agnesi.5-75-246-104.plesk.page\/de\/impressum\/#webpage","url":"https:\/\/admiring-agnesi.5-75-246-104.plesk.page\/de\/impressum\/","name":"Impressum - OnPoint Studios","isPartOf":{"@id":"https:\/\/admiring-agnesi.5-75-246-104.plesk.page\/de\/#website"},"datePublished":"2020-11-19T08:04:44+00:00","dateModified":"2023-10-26T15:28:50+00:00","description":"Unser Impressum mit allen wichtigen und relevanten Informationen sowie Kontakdaten der Verantwortlichen in unserem Unternehmen.","breadcrumb":{"@id":"https:\/\/admiring-agnesi.5-75-246-104.plesk.page\/de\/impressum\/#breadcrumb"},"inLanguage":"de","potentialAction":[{"@type":"ReadAction","target":["https:\/\/admiring-agnesi.5-75-246-104.plesk.page\/de\/impressum\/"]}]},{"@type":"BreadcrumbList","@id":"https:\/\/admiring-agnesi.5-75-246-104.plesk.page\/de\/impressum\/#breadcrumb","itemListElement":[{"@type":"ListItem","position":1,"name":"Home","item":"https:\/\/admiring-agnesi.5-75-246-104.plesk.page\/de\/"},{"@type":"ListItem","position":2,"name":"Impressum"}]}]}},"_links":{"self":[{"href":"https:\/\/admiring-agnesi.5-75-246-104.plesk.page\/de\/wp-json\/wp\/v2\/pages\/1367"}],"collection":[{"href":"https:\/\/admiring-agnesi.5-75-246-104.plesk.page\/de\/wp-json\/wp\/v2\/pages"}],"about":[{"href":"https:\/\/admiring-agnesi.5-75-246-104.plesk.page\/de\/wp-json\/wp\/v2\/types\/page"}],"author":[{"embeddable":true,"href":"https:\/\/admiring-agnesi.5-75-246-104.plesk.page\/de\/wp-json\/wp\/v2\/users\/2"}],"replies":[{"embeddable":true,"href":"https:\/\/admiring-agnesi.5-75-246-104.plesk.page\/de\/wp-json\/wp\/v2\/comments?post=1367"}],"version-history":[{"count":9,"href":"https:\/\/admiring-agnesi.5-75-246-104.plesk.page\/de\/wp-json\/wp\/v2\/pages\/1367\/revisions"}],"predecessor-version":[{"id":2871,"href":"https:\/\/admiring-agnesi.5-75-246-104.plesk.page\/de\/wp-json\/wp\/v2\/pages\/1367\/revisions\/2871"}],"wp:attachment":[{"href":"https:\/\/admiring-agnesi.5-75-246-104.plesk.page\/de\/wp-json\/wp\/v2\/media?parent=1367"}],"curies":[{"name":"wp","href":"https:\/\/api.w.org\/{rel}","templated":true}]}}